{"id":137,"date":"2017-09-08T20:11:33","date_gmt":"2017-09-08T20:11:33","guid":{"rendered":"http:\/\/majipparesor.se.loopiadns.com\/?page_id=137"},"modified":"2026-03-11T14:29:56","modified_gmt":"2026-03-11T14:29:56","slug":"om-oss","status":"publish","type":"page","link":"https:\/\/majipparesor.se\/?page_id=137","title":{"rendered":"Om mig"},"content":{"rendered":"<h5 style=\"text-align: center;\"><img loading=\"lazy\" decoding=\"async\" class=\"alignnone wp-image-5017 size-medium\" src=\"http:\/\/majipparesor.se\/wp-content\/uploads\/2015\/04\/CSC_0135-300x300.jpg\" alt=\"\" width=\"300\" height=\"300\" srcset=\"https:\/\/majipparesor.se\/wp-content\/uploads\/2015\/04\/CSC_0135-300x300.jpg 300w, https:\/\/majipparesor.se\/wp-content\/uploads\/2015\/04\/CSC_0135-150x150.jpg 150w, https:\/\/majipparesor.se\/wp-content\/uploads\/2015\/04\/CSC_0135-768x766.jpg 768w, https:\/\/majipparesor.se\/wp-content\/uploads\/2015\/04\/CSC_0135-1024x1021.jpg 1024w, https:\/\/majipparesor.se\/wp-content\/uploads\/2015\/04\/CSC_0135.jpg 1851w\" sizes=\"auto, (max-width: 300px) 100vw, 300px\" \/><\/h5>\n<h1 style=\"text-align: center;\"><em><strong><span style=\"font-size: medium;\">Hej och v\u00e4lkommen till min sida om resor!<\/span><\/strong><\/em><\/h1>\n<p data-start=\"813\" data-end=\"1309\">MajippaResor \u00e4r en svensk reseblogg som fokuserar p\u00e5 resor, upplevelser och tips f\u00f6r b\u00e5de kortare och l\u00e4ngre resor. Bloggen drivs av Christina Marmestedt Hauke och h\u00e4r delar jag med mig av utflykter, destinationer och personliga upplevelser fr\u00e5n v\u00e5ra resor. H\u00e4r hittar du reseinspiration, praktiska r\u00e5d och \u00e4ven recensioner av hotell, restauranger och olika aktiviteter p\u00e5 v\u00e5ra resm\u00e5l. MajippaResor \u00e4r en plats f\u00f6r alla som gillar att resa och vill ha tips och inspiration till sina egna \u00e4ventyr.<\/p>\n<p data-start=\"1311\" data-end=\"1810\">I oktober 2007 startade jag MajippaResor eftersom jag hade m\u00e5nga bilder och n\u00e5gra reseber\u00e4ttelser som jag ville dela med mig av. Under \u00e5ren har det blivit m\u00e5nga resor och det k\u00e4nns fantastiskt att kunna blicka tillbaka p\u00e5 upplevelser som annars kanske hade fallit i gl\u00f6mska. Genom bilder och reseber\u00e4ttelser f\u00e5r jag ocks\u00e5 ny inspiration till att planera kommande resor. \u00c4ven om vardagen ofta tar \u00f6ver vet jag att det f\u00f6rr eller senare v\u00e4ntar en ny resa och d\u00e5 \u00e4r jag redo att uppt\u00e4cka nya platser.<\/p>\n<p data-start=\"1812\" data-end=\"2094\">Med p\u00e5 resorna finns alltid min kamera och min make. Det b\u00e4sta med att resa tillsammans \u00e4r alla minnen vi skapar, b\u00e5de i det stora och det lilla. Att uppleva v\u00e4rlden eller bara uppt\u00e4cka en liten skogsdunge spelar egentligen inte s\u00e5 stor roll, varje resa ger mersmak p\u00e5 nya \u00e4ventyr.<\/p>\n<p data-start=\"2096\" data-end=\"2112\"><em><strong>Varmt v\u00e4lkommen!<\/strong><\/em><\/p>\n<p data-start=\"2114\" data-end=\"2167\">Christina Marmestedt Hauke<br data-start=\"2140\" data-end=\"2143\" \/><a class=\"decorated-link cursor-pointer\" rel=\"noopener\" data-start=\"2143\" data-end=\"2167\">Majipparesor@outlook.com<\/a><\/p>\n<ul class='related_post'><li><\/li><\/ul>","protected":false},"excerpt":{"rendered":"<p>Hej och v\u00e4lkommen till min sida om resor! MajippaResor \u00e4r en svensk reseblogg som fokuserar p\u00e5 resor, upplevelser och tips<\/p>\n","protected":false},"author":1,"featured_media":0,"parent":0,"menu_order":0,"comment_status":"closed","ping_status":"closed","template":"","meta":{"colormag_page_container_layout":"default_layout","colormag_page_sidebar_layout":"default_layout","om_disable_all_campaigns":false,"_monsterinsights_skip_tracking":false,"_monsterinsights_sitenote_active":false,"_monsterinsights_sitenote_note":"","_monsterinsights_sitenote_category":0,"_uf_show_specific_survey":0,"_uf_disable_surveys":false,"footnotes":""},"class_list":["post-137","page","type-page","status-publish","hentry"],"aioseo_notices":[],"_links":{"self":[{"href":"https:\/\/majipparesor.se\/index.php?rest_route=\/wp\/v2\/pages\/137","targetHints":{"allow":["GET"]}}],"collection":[{"href":"https:\/\/majipparesor.se\/index.php?rest_route=\/wp\/v2\/pages"}],"about":[{"href":"https:\/\/majipparesor.se\/index.php?rest_route=\/wp\/v2\/types\/page"}],"author":[{"embeddable":true,"href":"https:\/\/majipparesor.se\/index.php?rest_route=\/wp\/v2\/users\/1"}],"replies":[{"embeddable":true,"href":"https:\/\/majipparesor.se\/index.php?rest_route=%2Fwp%2Fv2%2Fcomments&post=137"}],"version-history":[{"count":33,"href":"https:\/\/majipparesor.se\/index.php?rest_route=\/wp\/v2\/pages\/137\/revisions"}],"predecessor-version":[{"id":48100,"href":"https:\/\/majipparesor.se\/index.php?rest_route=\/wp\/v2\/pages\/137\/revisions\/48100"}],"wp:attachment":[{"href":"https:\/\/majipparesor.se\/index.php?rest_route=%2Fwp%2Fv2%2Fmedia&parent=137"}],"curies":[{"name":"wp","href":"https:\/\/api.w.org\/{rel}","templated":true}]}}