{"id":23874,"date":"2021-04-17T19:19:50","date_gmt":"2021-04-17T19:19:50","guid":{"rendered":"https:\/\/majipparesor.se\/?page_id=23874"},"modified":"2025-10-07T15:47:22","modified_gmt":"2025-10-07T15:47:22","slug":"nationalparker","status":"publish","type":"page","link":"https:\/\/majipparesor.se\/?page_id=23874","title":{"rendered":"Sveriges nationalparker och de vi har bes\u00f6kt"},"content":{"rendered":"<div class=\"featured-image\"><img loading=\"lazy\" decoding=\"async\" class=\"alignnone size-full wp-image-15778\" src=\"https:\/\/majipparesor.se\/wp-content\/uploads\/2020\/01\/2019-12-31-11.19.41-1-scaled.jpg\" alt=\"\" width=\"1808\" height=\"2560\" srcset=\"https:\/\/majipparesor.se\/wp-content\/uploads\/2020\/01\/2019-12-31-11.19.41-1-scaled.jpg 1808w, https:\/\/majipparesor.se\/wp-content\/uploads\/2020\/01\/2019-12-31-11.19.41-1-212x300.jpg 212w, https:\/\/majipparesor.se\/wp-content\/uploads\/2020\/01\/2019-12-31-11.19.41-1-723x1024.jpg 723w, https:\/\/majipparesor.se\/wp-content\/uploads\/2020\/01\/2019-12-31-11.19.41-1-768x1087.jpg 768w, https:\/\/majipparesor.se\/wp-content\/uploads\/2020\/01\/2019-12-31-11.19.41-1-1085x1536.jpg 1085w, https:\/\/majipparesor.se\/wp-content\/uploads\/2020\/01\/2019-12-31-11.19.41-1-1447x2048.jpg 1447w\" sizes=\"auto, (max-width: 1808px) 100vw, 1808px\" \/><\/div>\n<div class=\"article-content clearfix\">\n<div class=\"entry-content clearfix\">\n<p style=\"text-align: center;\"><em>F\u00e4rnebofj\u00e4rdens nationalpark &#8211; Uppland<\/em><\/p>\n<h5>H\u00e4r \u00e4r Sveriges Nationalparker:<\/h5>\n<p><a href=\"https:\/\/majipparesor.se\/?p=26008\"><em><strong><span style=\"color: #ff0000;\">1. \u00a0Abisko nationalpark &#8211;\u00a0Lapplands fj\u00e4llv\u00e4rld<\/span><\/strong><\/em><\/a><\/p>\n<p>2. \u00a0Stora sj\u00f6fallet nationalpark &#8211; Hj\u00e4rtat av v\u00e4rldsarvet Laponia<\/p>\n<p>3. Sarek nationalpark &#8211; Dramatisk och storslaget<\/p>\n<p>4. Pieljekaise &#8211; Fj\u00e4llbj\u00f6rkens nationalpark<\/p>\n<p><a href=\"https:\/\/majipparesor.se\/?p=25727\"><em><strong><span style=\"color: #ff0000;\">5. Sonfj\u00e4llets nationalpark &#8211; Bj\u00f6rnens hemvist<\/span><\/strong><\/em><\/a><\/p>\n<p><a href=\"https:\/\/majipparesor.se\/?p=25868\"><span style=\"color: #ff0000;\"><em><strong>6. Hamra nationalpark &#8211; Urskogar och vilda forsar<\/strong><\/em><\/span><\/a><\/p>\n<p>7. \u00c4ngs\u00f6 nationalpark &#8211; Idylliskt stycke gammelsverige<\/p>\n<p>8. Garphyttans nationalpark &#8211; Blomsterprakt<\/p>\n<p>9. Gotska sand\u00f6ns nationalpark &#8211; Ensligt paradis<\/p>\n<p>10. Dalby S\u00f6derskog nationalpark &#8211; Blomstrande l\u00f6vsal i f\u00f6r\u00e4ndring<\/p>\n<p>11. Vadvetj\u00e5kka nationalpark &#8211;\u00a0Sveriges nordligaste nationalpark<\/p>\n<p>12. Bl\u00e5 Jungfrun nationalpark &#8211; Mytomspunnen, s\u00e4regen och isolerad<\/p>\n<p><em><span style=\"color: #ff0000;\"><a style=\"color: #ff0000;\" href=\"https:\/\/majipparesor.se\/?p=24894\"><strong>13. Norra Kvills nationalpark &#8211; Magisk skog<\/strong><\/a><\/span><\/em><\/p>\n<p>14. T\u00f6fsingdalens nationalpark &#8211; Genuin vildmark<\/p>\n<p>15. Muddus nationalpark &#8211; Gammelskogarna och de stora myrarnas land<\/p>\n<p>16. Padjelanta nationalpark &#8211; Renarnas sommarland<\/p>\n<p><a href=\"https:\/\/majipparesor.se\/?p=25037\"><em><strong><span style=\"color: #ff0000;\">17. Store Mosse nationalpark &#8211; Vitmossehav och myrtallar<\/span><\/strong><\/em><\/a><\/p>\n<p><a href=\"https:\/\/majipparesor.se\/?p=27671\"><span style=\"color: #ff0000;\"><em><strong>18. Tivedens nationalpark &#8211; J\u00e4tteblock och djupa sprickdalar<\/strong><\/em><\/span><\/a><\/p>\n<p><a href=\"https:\/\/majipparesor.se\/?p=32099\"><em><strong><span style=\"color: #ff0000;\">19. Skuleskogens nationalpark &#8211; Vilt och st\u00e5tligt<\/span><\/strong><\/em><\/a><\/p>\n<p><em><span style=\"color: #ff0000;\"><strong>20<\/strong><\/span><strong><span style=\"color: #ff0000;\">. <a style=\"color: #ff0000;\" href=\"https:\/\/majipparesor.se\/?p=23945\">Stenshuvud nationalpark &#8211; En bit magi p\u00e5 \u00d6sterlen<\/a><\/span><\/strong><\/em><\/p>\n<p>21. Bj\u00f6rnlandets nationalpark &#8211; Vildmark och urskog<\/p>\n<p>22. Djur\u00f6 nationalpark &#8211; Exklusiv isolerad sk\u00e4rg\u00e5rd<\/p>\n<p><span style=\"color: #ff0000;\"><a style=\"color: #ff0000;\" href=\"https:\/\/majipparesor.se\/?p=24589\"><strong><em>23. Tyresta nationalpark &#8211; Sev\u00e4rd, stor och Stockholmsn\u00e4ra<\/em><\/strong><\/a><\/span><\/p>\n<p><a title=\"Uppt\u00e4cktsf\u00e4rd i Haparanda Sk\u00e4rg\u00e5rd Nationalpark\" href=\"https:\/\/majipparesor.se\/?p=44485\"><em><strong><span style=\"color: #ff0000;\">24. Haparanda sk\u00e4rg\u00e5rd nationalpark &#8211; Nordligaste sk\u00e4rg\u00e5rden<\/span><\/strong><\/em><\/a><\/p>\n<p>25. Tresticklan nationalpark &#8211; Obruten vildmark<\/p>\n<p><span style=\"color: #ff0000;\"><em><strong>26<\/strong><\/em><em><strong>.<\/strong><\/em> <strong><em><a style=\"color: #ff0000;\" href=\"https:\/\/majipparesor.se\/?p=15752\">F\u00e4rnebofj\u00e4rdens nationalpark &#8211; <\/a><a style=\"color: #ff0000;\" href=\"https:\/\/majipparesor.se\/?p=15752\"><strong>Unikt \u00e4lvlandskap <\/strong><\/a><\/em><\/strong><\/span><\/p>\n<p><a href=\"https:\/\/majipparesor.se\/?p=24241\"><em><strong><span style=\"color: #ff0000;\">27<\/span><em><span style=\"color: #ff0000;\">.<\/span><\/em> <span style=\"color: #ff0000;\">S\u00f6der\u00e5sens nationalpark &#8211; Djupa dalar, rasbranter och lummig l\u00f6vskog<\/span><\/strong><\/em><\/a><\/p>\n<p><a href=\"https:\/\/majipparesor.se\/?p=25576\"><span style=\"color: #ff0000;\"><strong><em>28. Fulufj\u00e4llets nationalpark &#8211; Dramatiska vattenfall och urskogar<\/em><\/strong><\/span><\/a><\/p>\n<p><a href=\"https:\/\/majipparesor.se\/?p=25354\"><span style=\"color: #ff0000;\"><strong><em>29. Kosterhavets nationalpark &#8211; \u00a0Rikt liv under vatten<\/em><\/strong><\/span><\/a><\/p>\n<p><a href=\"https:\/\/majipparesor.se\/?p=35402\"><em><strong><span style=\"color: #ff0000;\">30. \u00c5snen nationalpark &#8211; Ett or\u00f6rt skogs- och sj\u00f6landskap<\/span><\/strong><\/em><\/a><\/p>\n<p><img loading=\"lazy\" decoding=\"async\" class=\"alignnone size-full wp-image-23751\" src=\"https:\/\/majipparesor.se\/wp-content\/uploads\/2021\/04\/20210406_114658-scaled.jpg\" alt=\"\" width=\"2560\" height=\"1920\" srcset=\"https:\/\/majipparesor.se\/wp-content\/uploads\/2021\/04\/20210406_114658-scaled.jpg 2560w, https:\/\/majipparesor.se\/wp-content\/uploads\/2021\/04\/20210406_114658-300x225.jpg 300w, https:\/\/majipparesor.se\/wp-content\/uploads\/2021\/04\/20210406_114658-1024x768.jpg 1024w, https:\/\/majipparesor.se\/wp-content\/uploads\/2021\/04\/20210406_114658-768x576.jpg 768w, https:\/\/majipparesor.se\/wp-content\/uploads\/2021\/04\/20210406_114658-1536x1152.jpg 1536w, https:\/\/majipparesor.se\/wp-content\/uploads\/2021\/04\/20210406_114658-2048x1536.jpg 2048w\" sizes=\"auto, (max-width: 2560px) 100vw, 2560px\" \/><\/p>\n<p style=\"text-align: center;\"><em>S\u00f6der\u00e5sens nationalpark &#8211; Sk\u00e5ne<\/em><\/p>\n<p><img loading=\"lazy\" decoding=\"async\" class=\"alignnone size-full wp-image-23529\" src=\"https:\/\/majipparesor.se\/wp-content\/uploads\/2021\/03\/20210303_111811-scaled.jpg\" alt=\"\" width=\"2266\" height=\"2560\" srcset=\"https:\/\/majipparesor.se\/wp-content\/uploads\/2021\/03\/20210303_111811-scaled.jpg 2266w, https:\/\/majipparesor.se\/wp-content\/uploads\/2021\/03\/20210303_111811-266x300.jpg 266w, https:\/\/majipparesor.se\/wp-content\/uploads\/2021\/03\/20210303_111811-906x1024.jpg 906w, https:\/\/majipparesor.se\/wp-content\/uploads\/2021\/03\/20210303_111811-768x868.jpg 768w, https:\/\/majipparesor.se\/wp-content\/uploads\/2021\/03\/20210303_111811-1359x1536.jpg 1359w, https:\/\/majipparesor.se\/wp-content\/uploads\/2021\/03\/20210303_111811-1813x2048.jpg 1813w\" sizes=\"auto, (max-width: 2266px) 100vw, 2266px\" \/><\/p>\n<p style=\"text-align: center;\"><em>Stenshuvud nationalpark &#8211; Sk\u00e5ne<\/em><\/p>\n<p><img loading=\"lazy\" decoding=\"async\" class=\"alignnone size-full wp-image-24602\" src=\"https:\/\/majipparesor.se\/wp-content\/uploads\/2021\/05\/20210418_115426-scaled.jpg\" alt=\"\" width=\"1920\" height=\"2560\" srcset=\"https:\/\/majipparesor.se\/wp-content\/uploads\/2021\/05\/20210418_115426-scaled.jpg 1920w, https:\/\/majipparesor.se\/wp-content\/uploads\/2021\/05\/20210418_115426-225x300.jpg 225w, https:\/\/majipparesor.se\/wp-content\/uploads\/2021\/05\/20210418_115426-768x1024.jpg 768w, https:\/\/majipparesor.se\/wp-content\/uploads\/2021\/05\/20210418_115426-1152x1536.jpg 1152w, https:\/\/majipparesor.se\/wp-content\/uploads\/2021\/05\/20210418_115426-1536x2048.jpg 1536w\" sizes=\"auto, (max-width: 1920px) 100vw, 1920px\" \/><\/p>\n<p style=\"text-align: center;\"><em>Tyresta nationalpark &#8211; Stockholm<\/em><\/p>\n<\/div>\n<\/div>\n<ul class='related_post'><li><\/li><\/ul>","protected":false},"excerpt":{"rendered":"<p>F\u00e4rnebofj\u00e4rdens nationalpark &#8211; Uppland H\u00e4r \u00e4r Sveriges Nationalparker: 1. \u00a0Abisko nationalpark &#8211;\u00a0Lapplands fj\u00e4llv\u00e4rld 2. \u00a0Stora sj\u00f6fallet nationalpark &#8211; Hj\u00e4rtat av<\/p>\n","protected":false},"author":1,"featured_media":0,"parent":0,"menu_order":0,"comment_status":"closed","ping_status":"closed","template":"","meta":{"colormag_page_container_layout":"default_layout","colormag_page_sidebar_layout":"default_layout","om_disable_all_campaigns":false,"_monsterinsights_skip_tracking":false,"_monsterinsights_sitenote_active":false,"_monsterinsights_sitenote_note":"","_monsterinsights_sitenote_category":0,"_uf_show_specific_survey":0,"_uf_disable_surveys":false,"footnotes":""},"class_list":["post-23874","page","type-page","status-publish","hentry"],"aioseo_notices":[],"_links":{"self":[{"href":"https:\/\/majipparesor.se\/index.php?rest_route=\/wp\/v2\/pages\/23874","targetHints":{"allow":["GET"]}}],"collection":[{"href":"https:\/\/majipparesor.se\/index.php?rest_route=\/wp\/v2\/pages"}],"about":[{"href":"https:\/\/majipparesor.se\/index.php?rest_route=\/wp\/v2\/types\/page"}],"author":[{"embeddable":true,"href":"https:\/\/majipparesor.se\/index.php?rest_route=\/wp\/v2\/users\/1"}],"replies":[{"embeddable":true,"href":"https:\/\/majipparesor.se\/index.php?rest_route=%2Fwp%2Fv2%2Fcomments&post=23874"}],"version-history":[{"count":43,"href":"https:\/\/majipparesor.se\/index.php?rest_route=\/wp\/v2\/pages\/23874\/revisions"}],"predecessor-version":[{"id":45317,"href":"https:\/\/majipparesor.se\/index.php?rest_route=\/wp\/v2\/pages\/23874\/revisions\/45317"}],"wp:attachment":[{"href":"https:\/\/majipparesor.se\/index.php?rest_route=%2Fwp%2Fv2%2Fmedia&parent=23874"}],"curies":[{"name":"wp","href":"https:\/\/api.w.org\/{rel}","templated":true}]}}