{"id":24540,"date":"2021-05-16T18:50:47","date_gmt":"2021-05-16T18:50:47","guid":{"rendered":"https:\/\/majipparesor.se\/?page_id=24540"},"modified":"2025-09-01T13:20:45","modified_gmt":"2025-09-01T13:20:45","slug":"toppbestigning-sveriges-25-landskaps-hogsta-toppar","status":"publish","type":"page","link":"https:\/\/majipparesor.se\/?page_id=24540","title":{"rendered":"Toppbestigning &#8211; Sveriges 25 landskaps h\u00f6gsta toppar"},"content":{"rendered":"<p><img loading=\"lazy\" decoding=\"async\" class=\"alignnone size-full wp-image-24547\" src=\"https:\/\/majipparesor.se\/wp-content\/uploads\/2021\/05\/20210514_113236-1-scaled.jpg\" alt=\"\" width=\"2560\" height=\"2029\" srcset=\"https:\/\/majipparesor.se\/wp-content\/uploads\/2021\/05\/20210514_113236-1-scaled.jpg 2560w, https:\/\/majipparesor.se\/wp-content\/uploads\/2021\/05\/20210514_113236-1-300x238.jpg 300w, https:\/\/majipparesor.se\/wp-content\/uploads\/2021\/05\/20210514_113236-1-1024x811.jpg 1024w, https:\/\/majipparesor.se\/wp-content\/uploads\/2021\/05\/20210514_113236-1-768x609.jpg 768w, https:\/\/majipparesor.se\/wp-content\/uploads\/2021\/05\/20210514_113236-1-1536x1217.jpg 1536w, https:\/\/majipparesor.se\/wp-content\/uploads\/2021\/05\/20210514_113236-1-2048x1623.jpg 2048w\" sizes=\"auto, (max-width: 2560px) 100vw, 2560px\" \/><\/p>\n<p>Ett riktigt roligt och sp\u00e4nnande \u00e4ventyr \u00e4r att bes\u00f6ka Sveriges 25 landskaps h\u00f6gsta punkter. Att bes\u00f6ka alla Sveriges landskap \u00e4r en l\u00e4tt match men att f\u00e5 till landskapets h\u00f6gsta punkt kan vara en b\u00e5de l\u00e4tt eller n\u00e4stan om\u00f6jlig uppgift att utf\u00f6ra.<\/p>\n<p>Jag blev s\u00e5 inspirerad n\u00e4r jag f\u00f6rsta g\u00e5ngen l\u00e4ste om m\u00f6jligheten att g\u00f6ra de lite roliga toppbestigningar av varierad sv\u00e5righetsgrad. F\u00f6rutom att samla minnen fr\u00e5n varje landskap passar det \u00e4ven v\u00e5rt s\u00e4tt att resa. Bilresor i kombination av sp\u00e4nnande \u00e4ventyr, kan det bli b\u00e4ttre? Vi startar sommaren 2020 och fort\u00e4tter under v\u00e5ren och sommaren 2021.<\/p>\n<h5>Sveriges 25 h\u00f6gsta landskapstoppar:<\/h5>\n<p style=\"text-align: left;\"><a href=\"https:\/\/majipparesor.se\/?p=26817\"><span style=\"color: #ff0000;\"><strong><em>Blekinge &#8211; R\u00e4vabacken<\/em><\/strong><\/span><\/a><\/p>\n<p style=\"text-align: left;\"><a href=\"https:\/\/majipparesor.se\/?p=25430\"><span style=\"color: #ff0000;\"><strong><em>Bohusl\u00e4n &#8211; Bj\u00f6rner\u00f6dspiggen<\/em><\/strong><\/span><\/a><\/p>\n<p style=\"text-align: left;\">Dalarna &#8211; Storv\u00e4ttesh\u00e5gna<\/p>\n<p style=\"text-align: left;\"><a href=\"https:\/\/majipparesor.se\/?p=27294\"><span style=\"color: #ff0000;\"><em><strong>Dalsland- Balj\u00e5sen<\/strong><\/em><\/span><\/a><\/p>\n<p style=\"text-align: left;\">Gotland &#8211; Lojstahajd<\/p>\n<p style=\"text-align: left;\">G\u00e4strikland &#8211; Lustigknopp<\/p>\n<p style=\"text-align: left;\"><a title=\"Hallands h\u00f6gsta punkt \u2013 H\u00f6galteknall 226 m \u00f6 h\" href=\"https:\/\/majipparesor.se\/?p=33759\"><em><strong><span style=\"color: #ff0000;\">Halland &#8211; H\u00f6galteknall<\/span><\/strong><\/em><\/a><\/p>\n<p style=\"text-align: left;\">H\u00e4lsingland &#8211; Garpk\u00f6len<\/p>\n<p style=\"text-align: left;\"><a href=\"https:\/\/majipparesor.se\/?p=25125\"><span style=\"color: #ff0000;\"><strong><em>H\u00e4rjedalen &#8211; Helagsfj\u00e4llet<\/em><\/strong><\/span><\/a><\/p>\n<p style=\"text-align: left;\">J\u00e4mtland &#8211; Storsola<\/p>\n<p style=\"text-align: left;\">Lappland &#8211; Kebnekaise<\/p>\n<p style=\"text-align: left;\"><a href=\"https:\/\/majipparesor.se\/?p=26146\"><em><strong><span style=\"color: #ff0000;\">Medelpad &#8211; Myckelmyrberget<\/span><\/strong><\/em><\/a><\/p>\n<p style=\"text-align: left;\">Norrbotten &#8211; Vitberget<\/p>\n<p style=\"text-align: left;\"><a href=\"https:\/\/majipparesor.se\/?p=27821\"><span style=\"color: #ff0000;\"><em><strong>N\u00e4rke &#8211; Tomasbodah\u00f6jden<\/strong><\/em><\/span><\/a><\/p>\n<p style=\"text-align: left;\"><a href=\"https:\/\/majipparesor.se\/?p=24320\"><em><span style=\"color: #ff0000;\"><strong>Sk\u00e5ne &#8211; Magler\u00f6d<\/strong><\/span><\/em><\/a><\/p>\n<p style=\"text-align: left;\"><a href=\"https:\/\/majipparesor.se\/?p=28147\"><span style=\"color: #ff0000;\"><strong><em>Sm\u00e5land &#8211; Tomtabacken<\/em><\/strong><\/span><\/a><\/p>\n<p style=\"text-align: left;\"><a href=\"https:\/\/majipparesor.se\/?p=24842\"><span style=\"color: #ff0000;\"><em><strong>S\u00f6dermanland &#8211; Vensbrinksberget<\/strong><\/em><\/span><\/a><\/p>\n<p style=\"text-align: left;\"><a href=\"https:\/\/majipparesor.se\/?p=24528\"><span style=\"color: #ff0000;\"><em><strong>Uppland \u00a0&#8211; Tallmossen \/ Upplandsberget<\/strong><\/em><\/span><\/a><\/p>\n<p style=\"text-align: left;\">V\u00e4rmland &#8211; Granberget, H\u00f6ljes<\/p>\n<p style=\"text-align: left;\">V\u00e4sterbotten &#8211; \u00c5mliden<\/p>\n<p style=\"text-align: left;\"><a href=\"https:\/\/majipparesor.se\/?p=24743\"><span style=\"color: #ff0000;\"><strong><em>V\u00e4sterg\u00f6tland &#8211; Galt\u00e5sen<\/em><\/strong><\/span><\/a><\/p>\n<p style=\"text-align: left;\"><a href=\"https:\/\/majipparesor.se\/?p=28376\"><span style=\"color: #ff0000;\"><em><strong>V\u00e4stmanland &#8211; Fj\u00e4llberget<\/strong><\/em><\/span><\/a><\/p>\n<p style=\"text-align: left;\"><a href=\"https:\/\/majipparesor.se\/?p=25755\"><em><strong><span style=\"color: #ff0000;\">\u00c5ngermanland &#8211; T\u00e5sj\u00f6berget<\/span><\/strong><\/em><\/a><\/p>\n<p style=\"text-align: left;\"><a href=\"https:\/\/majipparesor.se\/?p=24519\"><em><strong><span style=\"color: #ff0000;\">\u00d6land \u00a0&#8211; H\u00f6gh\u00e4ll<\/span><\/strong><\/em><\/a><\/p>\n<p style=\"text-align: left;\"><a href=\"https:\/\/majipparesor.se\/?p=24917\"><strong><em><span style=\"color: #ff0000;\">\u00d6sterg\u00f6tland \u00a0&#8211; Stenabo<\/span><\/em><\/strong><\/a><\/p>\n<p style=\"text-align: left;\"><img loading=\"lazy\" decoding=\"async\" class=\"alignnone size-full wp-image-24541\" src=\"https:\/\/majipparesor.se\/wp-content\/uploads\/2021\/05\/20210408_114849-scaled.jpg\" alt=\"\" width=\"2560\" height=\"1920\" srcset=\"https:\/\/majipparesor.se\/wp-content\/uploads\/2021\/05\/20210408_114849-scaled.jpg 2560w, https:\/\/majipparesor.se\/wp-content\/uploads\/2021\/05\/20210408_114849-300x225.jpg 300w, https:\/\/majipparesor.se\/wp-content\/uploads\/2021\/05\/20210408_114849-1024x768.jpg 1024w, https:\/\/majipparesor.se\/wp-content\/uploads\/2021\/05\/20210408_114849-768x576.jpg 768w, https:\/\/majipparesor.se\/wp-content\/uploads\/2021\/05\/20210408_114849-1536x1152.jpg 1536w, https:\/\/majipparesor.se\/wp-content\/uploads\/2021\/05\/20210408_114849-2048x1536.jpg 2048w\" sizes=\"auto, (max-width: 2560px) 100vw, 2560px\" \/><\/p>\n<ul class='related_post'><li><\/li><\/ul>","protected":false},"excerpt":{"rendered":"<p>Ett riktigt roligt och sp\u00e4nnande \u00e4ventyr \u00e4r att bes\u00f6ka Sveriges 25 landskaps h\u00f6gsta punkter. Att bes\u00f6ka alla Sveriges landskap \u00e4r<\/p>\n","protected":false},"author":1,"featured_media":0,"parent":0,"menu_order":0,"comment_status":"closed","ping_status":"closed","template":"","meta":{"colormag_page_container_layout":"default_layout","colormag_page_sidebar_layout":"default_layout","om_disable_all_campaigns":false,"_monsterinsights_skip_tracking":false,"_monsterinsights_sitenote_active":false,"_monsterinsights_sitenote_note":"","_monsterinsights_sitenote_category":0,"_uf_show_specific_survey":0,"_uf_disable_surveys":false,"footnotes":""},"class_list":["post-24540","page","type-page","status-publish","hentry"],"aioseo_notices":[],"_links":{"self":[{"href":"https:\/\/majipparesor.se\/index.php?rest_route=\/wp\/v2\/pages\/24540","targetHints":{"allow":["GET"]}}],"collection":[{"href":"https:\/\/majipparesor.se\/index.php?rest_route=\/wp\/v2\/pages"}],"about":[{"href":"https:\/\/majipparesor.se\/index.php?rest_route=\/wp\/v2\/types\/page"}],"author":[{"embeddable":true,"href":"https:\/\/majipparesor.se\/index.php?rest_route=\/wp\/v2\/users\/1"}],"replies":[{"embeddable":true,"href":"https:\/\/majipparesor.se\/index.php?rest_route=%2Fwp%2Fv2%2Fcomments&post=24540"}],"version-history":[{"count":27,"href":"https:\/\/majipparesor.se\/index.php?rest_route=\/wp\/v2\/pages\/24540\/revisions"}],"predecessor-version":[{"id":44804,"href":"https:\/\/majipparesor.se\/index.php?rest_route=\/wp\/v2\/pages\/24540\/revisions\/44804"}],"wp:attachment":[{"href":"https:\/\/majipparesor.se\/index.php?rest_route=%2Fwp%2Fv2%2Fmedia&parent=24540"}],"curies":[{"name":"wp","href":"https:\/\/api.w.org\/{rel}","templated":true}]}}