{"id":45176,"date":"2025-10-04T10:39:09","date_gmt":"2025-10-04T10:39:09","guid":{"rendered":"https:\/\/majipparesor.se\/?page_id=45176"},"modified":"2026-03-30T09:27:25","modified_gmt":"2026-03-30T09:27:25","slug":"italien","status":"publish","type":"page","link":"https:\/\/majipparesor.se\/?page_id=45176","title":{"rendered":"Italien"},"content":{"rendered":"<h4 data-start=\"222\" data-end=\"251\"><strong data-start=\"230\" data-end=\"251\">Allm\u00e4nt om landet<\/strong><\/h4>\n<ul data-start=\"252\" data-end=\"397\">\n<li data-start=\"252\" data-end=\"274\">\n<p data-start=\"254\" data-end=\"274\"><strong data-start=\"254\" data-end=\"268\">Huvudstad:<\/strong> Rom<\/p>\n<\/li>\n<li data-start=\"275\" data-end=\"300\">\n<p data-start=\"277\" data-end=\"300\"><strong data-start=\"277\" data-end=\"287\">Spr\u00e5k:<\/strong> Italienska<\/p>\n<\/li>\n<li data-start=\"301\" data-end=\"325\">\n<p data-start=\"303\" data-end=\"325\"><strong data-start=\"303\" data-end=\"314\">Valuta:<\/strong> Euro (\u20ac)<\/p>\n<\/li>\n<li data-start=\"326\" data-end=\"370\">\n<p data-start=\"328\" data-end=\"370\"><strong data-start=\"328\" data-end=\"343\">Befolkning:<\/strong> Cirka 59 miljoner (2025)<\/p>\n<\/li>\n<li data-start=\"371\" data-end=\"397\">\n<p data-start=\"373\" data-end=\"397\"><strong data-start=\"373\" data-end=\"388\">Statsskick:<\/strong> Republik<\/p>\n<\/li>\n<\/ul>\n<h4 data-start=\"399\" data-end=\"429\"><strong data-start=\"408\" data-end=\"429\">Historia &amp; Kultur<\/strong><\/h4>\n<ul data-start=\"430\" data-end=\"760\">\n<li data-start=\"430\" data-end=\"529\">\n<p data-start=\"432\" data-end=\"529\">Italien var hj\u00e4rtat av det <strong data-start=\"459\" data-end=\"477\">romerska riket<\/strong>, en av v\u00e4rldens mest inflytelserika civilisationer.<\/p>\n<\/li>\n<li data-start=\"530\" data-end=\"637\">\n<p data-start=\"532\" data-end=\"637\">Det \u00e4r ocks\u00e5 f\u00f6delselandet f\u00f6r <strong data-start=\"563\" data-end=\"578\">ren\u00e4ssansen<\/strong>, med st\u00e4der som Florens och Venedig som kulturella centra.<\/p>\n<\/li>\n<li data-start=\"638\" data-end=\"760\">\n<p data-start=\"640\" data-end=\"760\">Italien har <strong data-start=\"652\" data-end=\"675\">58 UNESCO-v\u00e4rldsarv<\/strong>, flest i v\u00e4rlden \u2013 allt fr\u00e5n antika ruiner till konstst\u00e4der och natursk\u00f6na landskap.<\/p>\n<\/li>\n<\/ul>\n<h4 data-start=\"762\" data-end=\"785\"><strong data-start=\"770\" data-end=\"785\">Mat &amp; Dryck<\/strong><\/h4>\n<ul>\n<li style=\"list-style-type: none;\">\n<ul data-start=\"786\" data-end=\"1063\">\n<li data-start=\"786\" data-end=\"1014\">\n<p data-start=\"788\" data-end=\"1014\">Varje region har sina egna specialiteter:<br data-start=\"829\" data-end=\"832\" \/>\u2013 <strong data-start=\"836\" data-end=\"847\">Neapel:<\/strong> Pizza Margherita (pizzans f\u00f6delseort)<br data-start=\"885\" data-end=\"888\" \/>\u2013 <strong data-start=\"892\" data-end=\"904\">Bologna:<\/strong> Tagliatelle al rag\u00f9 (inte \u201dspaghetti bolognese\u201d som m\u00e5nga tror!)<br data-start=\"969\" data-end=\"972\" \/>\u2013 <strong data-start=\"976\" data-end=\"988\">Toscana:<\/strong> Chianti-vin och tryffel<\/p>\n<\/li>\n<li data-start=\"1015\" data-end=\"1063\">\n<p data-start=\"1017\" data-end=\"1063\">Espresso och gelato \u00e4r n\u00e4stan en religion h\u00e4r.<\/p>\n<\/li>\n<\/ul>\n<\/li>\n<\/ul>\n<h4><strong>Popul\u00e4ra platser att bes\u00f6ka i Italien<\/strong><\/h4>\n<p><a href=\"https:\/\/majipparesor.se\/?tag=amalfikusten-och-capri\"><strong>Amalfikusten och Capri<\/strong><\/a><\/p>\n<p><a href=\"https:\/\/majipparesor.se\/?tag=gardasjon\"><strong>Gardasj\u00f6n<\/strong><\/a><\/p>\n<p><a href=\"https:\/\/majipparesor.se\/?tag=toscana\"><strong>Toscana<\/strong><\/a><\/p>\n<p><a href=\"https:\/\/majipparesor.se\/?tag=florens-och-pisa\"><strong>Florens och Pisa<\/strong><\/a><\/p>\n<p><a href=\"https:\/\/majipparesor.se\/?cat=190\"><strong>\u00a0Apulien &#8221;Klacken&#8221;<\/strong><\/a><\/p>\n<p><a href=\"https:\/\/majipparesor.se\/?tag=sicilien\"><strong>Sicilien<\/strong><\/a><\/p>\n<p><a href=\"https:\/\/majipparesor.se\/?cat=191\"><strong>Kalabrien<\/strong><\/a><\/p>\n<p><a href=\"https:\/\/majipparesor.se\/?cat=201\"><strong>Venedig<\/strong><\/a><\/p>\n<p><a href=\"https:\/\/majipparesor.se\/?tag=cinque-terre\"><strong>Cinque Terre<\/strong><\/a><\/p>\n<p><img loading=\"lazy\" decoding=\"async\" class=\"aligncenter wp-image-40327 size-large\" src=\"https:\/\/majipparesor.se\/wp-content\/uploads\/2024\/07\/20240626_163659-1024x768.jpg\" alt=\"\" width=\"800\" height=\"600\" srcset=\"https:\/\/majipparesor.se\/wp-content\/uploads\/2024\/07\/20240626_163659-1024x768.jpg 1024w, https:\/\/majipparesor.se\/wp-content\/uploads\/2024\/07\/20240626_163659-300x225.jpg 300w, https:\/\/majipparesor.se\/wp-content\/uploads\/2024\/07\/20240626_163659-768x576.jpg 768w, https:\/\/majipparesor.se\/wp-content\/uploads\/2024\/07\/20240626_163659-1536x1152.jpg 1536w, https:\/\/majipparesor.se\/wp-content\/uploads\/2024\/07\/20240626_163659-2048x1536.jpg 2048w\" sizes=\"auto, (max-width: 800px) 100vw, 800px\" \/><\/p>\n<p style=\"text-align: center;\"><em>Praiano p\u00e5 Amalfikusten.<\/em><\/p>\n<p style=\"text-align: center;\"><img loading=\"lazy\" decoding=\"async\" class=\"alignnone size-large wp-image-45177\" src=\"https:\/\/majipparesor.se\/wp-content\/uploads\/2025\/10\/20250917_122303-898x1024.jpg\" alt=\"\" width=\"800\" height=\"912\" srcset=\"https:\/\/majipparesor.se\/wp-content\/uploads\/2025\/10\/20250917_122303-898x1024.jpg 898w, https:\/\/majipparesor.se\/wp-content\/uploads\/2025\/10\/20250917_122303-263x300.jpg 263w, https:\/\/majipparesor.se\/wp-content\/uploads\/2025\/10\/20250917_122303-768x876.jpg 768w, https:\/\/majipparesor.se\/wp-content\/uploads\/2025\/10\/20250917_122303-1347x1536.jpg 1347w, https:\/\/majipparesor.se\/wp-content\/uploads\/2025\/10\/20250917_122303-1796x2048.jpg 1796w\" sizes=\"auto, (max-width: 800px) 100vw, 800px\" \/><\/p>\n<p style=\"text-align: center;\"><em>Venedig<\/em><\/p>\n<p><img loading=\"lazy\" decoding=\"async\" class=\"size-large wp-image-40093 aligncenter\" src=\"https:\/\/majipparesor.se\/wp-content\/uploads\/2024\/06\/20240623_104256-1024x768.jpg\" alt=\"\" width=\"800\" height=\"600\" srcset=\"https:\/\/majipparesor.se\/wp-content\/uploads\/2024\/06\/20240623_104256-1024x768.jpg 1024w, https:\/\/majipparesor.se\/wp-content\/uploads\/2024\/06\/20240623_104256-300x225.jpg 300w, https:\/\/majipparesor.se\/wp-content\/uploads\/2024\/06\/20240623_104256-768x576.jpg 768w, https:\/\/majipparesor.se\/wp-content\/uploads\/2024\/06\/20240623_104256-1536x1152.jpg 1536w, https:\/\/majipparesor.se\/wp-content\/uploads\/2024\/06\/20240623_104256-2048x1536.jpg 2048w\" sizes=\"auto, (max-width: 800px) 100vw, 800px\" \/><\/p>\n<p style=\"text-align: center;\"><em>Toscana<\/em><\/p>\n<ul class='related_post'><li><\/li><\/ul>","protected":false},"excerpt":{"rendered":"<p>Allm\u00e4nt om landet Huvudstad: Rom Spr\u00e5k: Italienska Valuta: Euro (\u20ac) Befolkning: Cirka 59 miljoner (2025) Statsskick: Republik Historia &amp; Kultur<\/p>\n","protected":false},"author":1,"featured_media":40165,"parent":0,"menu_order":0,"comment_status":"closed","ping_status":"closed","template":"","meta":{"colormag_page_container_layout":"default_layout","colormag_page_sidebar_layout":"default_layout","om_disable_all_campaigns":false,"_monsterinsights_skip_tracking":false,"_monsterinsights_sitenote_active":false,"_monsterinsights_sitenote_note":"","_monsterinsights_sitenote_category":0,"_uf_show_specific_survey":0,"_uf_disable_surveys":false,"footnotes":""},"class_list":["post-45176","page","type-page","status-publish","has-post-thumbnail","hentry"],"aioseo_notices":[],"_links":{"self":[{"href":"https:\/\/majipparesor.se\/index.php?rest_route=\/wp\/v2\/pages\/45176","targetHints":{"allow":["GET"]}}],"collection":[{"href":"https:\/\/majipparesor.se\/index.php?rest_route=\/wp\/v2\/pages"}],"about":[{"href":"https:\/\/majipparesor.se\/index.php?rest_route=\/wp\/v2\/types\/page"}],"author":[{"embeddable":true,"href":"https:\/\/majipparesor.se\/index.php?rest_route=\/wp\/v2\/users\/1"}],"replies":[{"embeddable":true,"href":"https:\/\/majipparesor.se\/index.php?rest_route=%2Fwp%2Fv2%2Fcomments&post=45176"}],"version-history":[{"count":20,"href":"https:\/\/majipparesor.se\/index.php?rest_route=\/wp\/v2\/pages\/45176\/revisions"}],"predecessor-version":[{"id":48666,"href":"https:\/\/majipparesor.se\/index.php?rest_route=\/wp\/v2\/pages\/45176\/revisions\/48666"}],"wp:featuredmedia":[{"embeddable":true,"href":"https:\/\/majipparesor.se\/index.php?rest_route=\/wp\/v2\/media\/40165"}],"wp:attachment":[{"href":"https:\/\/majipparesor.se\/index.php?rest_route=%2Fwp%2Fv2%2Fmedia&parent=45176"}],"curies":[{"name":"wp","href":"https:\/\/api.w.org\/{rel}","templated":true}]}}